{"id":128,"date":"2022-02-28T09:17:21","date_gmt":"2022-02-28T08:17:21","guid":{"rendered":"http:\/\/hulotteetbarboulotte.fr\/?page_id=128"},"modified":"2026-03-06T17:27:37","modified_gmt":"2026-03-06T16:27:37","slug":"notre-projet-educatif","status":"publish","type":"page","link":"https:\/\/hulotteetbarboulotte.fr\/index.php\/la-pedagogie-par-la-nature\/notre-projet-educatif\/","title":{"rendered":"Notre projet \u00e9ducatif"},"content":{"rendered":"<div data-colibri-id=\"128-c1\" class=\"style-434 style-local-128-c1 position-relative\">\n  <!---->\n  <div data-colibri-component=\"section\" data-colibri-id=\"128-c2\" id=\"reusable-sections\" class=\"h-section h-section-global-spacing d-flex align-items-lg-center align-items-md-center align-items-center style-435 style-local-128-c2 position-relative\">\n    <!---->\n    <!---->\n    <div class=\"h-section-grid-container h-section-boxed-container\">\n      <!---->\n      <div data-colibri-id=\"128-c3\" class=\"h-row-container gutters-row-lg-2 gutters-row-md-2 gutters-row-2 gutters-row-v-lg-2 gutters-row-v-md-2 gutters-row-v-2 style-436 style-local-128-c3 position-relative\">\n        <!---->\n        <div class=\"h-row justify-content-lg-center justify-content-md-center justify-content-center align-items-lg-center align-items-md-center align-items-center gutters-col-lg-2 gutters-col-md-2 gutters-col-2 gutters-col-v-lg-2 gutters-col-v-md-2 gutters-col-v-2\">\n          <!---->\n          <div class=\"h-column h-column-container d-flex h-col-lg-auto h-col-md-auto h-col-auto align-self-lg-center align-self-md-center align-self-center style-439-outer style-local-128-c4-outer\">\n            <div data-colibri-id=\"128-c4\" class=\"d-flex h-flex-basis h-column__inner h-px-lg-2 h-px-md-2 h-px-2 v-inner-lg-2 v-inner-md-2 v-inner-2 style-439 style-local-128-c4 position-relative\">\n              <!---->\n              <!---->\n              <div class=\"w-100 h-y-container h-column__content h-column__v-align flex-basis-100 align-self-lg-center align-self-md-center align-self-center\">\n                <!---->\n                <div data-colibri-id=\"128-c5\" class=\"h-row-container gutters-row-lg-0 gutters-row-md-0 gutters-row-0 gutters-row-v-lg-0 gutters-row-v-md-0 gutters-row-v-0 style-440 style-local-128-c5 position-relative\">\n                  <!---->\n                  <div class=\"h-row justify-content-lg-center justify-content-md-center justify-content-center align-items-lg-stretch align-items-md-stretch align-items-stretch gutters-col-lg-0 gutters-col-md-0 gutters-col-0 gutters-col-v-lg-0 gutters-col-v-md-0 gutters-col-v-0\">\n                    <!---->\n                    <div class=\"h-column h-column-container d-flex h-col-lg-6 h-col-md-6 h-col-12 style-441-outer style-local-128-c6-outer\">\n                      <div data-colibri-id=\"128-c6\" class=\"d-flex h-flex-basis h-column__inner h-px-lg-2 h-px-md-2 h-px-2 v-inner-lg-2 v-inner-md-2 v-inner-2 style-441 style-local-128-c6 position-relative\">\n                        <!---->\n                        <!---->\n                        <div class=\"w-100 h-y-container h-column__content h-column__v-align flex-basis-100 align-self-lg-start align-self-md-start align-self-start\">\n                          <!---->\n                          <div data-colibri-id=\"128-c7\" class=\"h-icon style-442 style-local-128-c7 position-relative h-element\">\n                            <!----><span class=\"h-svg-icon h-icon__icon style-442-icon style-local-128-c7-icon\"><!--Icon by Icons8 Line Awesome (https:\/\/icons8.com\/line-awesome)--><svg version=\"1.1\" xmlns=\"http:\/\/www.w3.org\/2000\/svg\" xmlns:xlink=\"http:\/\/www.w3.org\/1999\/xlink\" id=\"leaf\" viewBox=\"0 0 512 545.5\"><path d=\"M400.5 96l5 17.5s26.5 89.852 26.5 215c0 63.926-14.74 106.186-37.5 132.5s-52.894 35-77.5 35c-27.645 0-51.295-12.546-70-25.5s-34.633-27.689-37.5-29.5l17-27c11.26 7.116 22.365 18.826 38.5 30s34.764 20 52 20c17.33 0 36.812-5.282 53-24s30-52.515 30-111.5c0-104.02-16.347-170.547-21.5-190-55.068 20.418-119.215 29.69-171 48-28.617 10.117-52.54 22.984-69 41S112 268.736 112 304c0 31.01 16.935 50.286 35.5 63.5 9.643 6.863 18.992 11.174 26 14 27.515-43.906 69.69-98.517 135-168.5l23 22c-108.93 116.724-150.854 189.68-166 234-7.573 22.16-8.485 37.122-8 48s3.47 16.933 2.5 28.5l-32-3c-.026.32-1.855-9.552-2.5-24s.755-34.41 9.5-60c4.84-14.16 12.1-30.69 22-49-8.192-3.648-17.916-8.822-28-16-23.634-16.82-49-46.35-49-89.5 0-41.68 13.332-74.283 35-98s50.693-38.432 82-49.5c62.614-22.137 136.144-30.534 187-53z\"><\/path><\/svg><\/span><\/div>\n                          <div\n                            data-colibri-id=\"128-c8\" class=\"h-text h-text-component style-443 style-local-128-c8 position-relative h-element\">\n                            <!---->\n                            <!---->\n                            <div class=\"\">\n                              <p>Hulotte &amp; Barboulotte est une association \u00e0 but non lucratif (loi 1901) et nous avons pour objet : \u2013 la sensibilisation \u00e0 la nature pour tous les publics (enfants, ados, familles, groupes scolaires et extra scolaires,\n                                enfants \u00e0 besoins particuliers) \u2013 une \u00e9ducation \u00e0 l&#8217;environnement qui d\u00e9coule de la sensibilisation, l&#8217;observation et la compr\u00e9hension de la nature \u2013 l&#8217;organisation d&#8217;ateliers et d&#8217;\u00e9v\u00e8nements \u00e0 port\u00e9e p\u00e9dagogique, artistique,\n                                \u00e9ducative, socialisante \u2013 l&#8217;accueil dans un milieu naturel bois\u00e9 favorable \u00e0 la d\u00e9couverte, au partage, \u00e0 l&#8217;\u00e9panouissement de chacun \u2013 la place du jeu libre comme un temps privil\u00e9gi\u00e9 et indispensable pour le d\u00e9veloppement\n                                harmonieux de l&#8217;enfant \u2013 l&#8217;intervention dans des structures externes (\u00e9tablissements scolaires, de petite enfance, de loisir, sp\u00e9cialis\u00e9s enfants ou adultes, s\u00e9niors&#8230;) pour mener des ateliers en accord avec les id\u00e9aux\n                                \u00e9cologiques et \u00e9ducatifs de l&#8217;association.<\/p>\n                            <\/div>\n                        <\/div>\n                      <\/div>\n                    <\/div>\n                  <\/div>\n                  <div class=\"h-column h-column-container d-flex h-col-lg-6 h-col-md-6 h-col-12 style-441-outer style-local-128-c9-outer\">\n                    <div data-colibri-id=\"128-c9\" class=\"d-flex h-flex-basis h-column__inner h-px-lg-2 h-px-md-2 h-px-2 v-inner-lg-2 v-inner-md-2 v-inner-2 style-441 style-local-128-c9 position-relative\">\n                      <!---->\n                      <!---->\n                      <div class=\"w-100 h-y-container h-column__content h-column__v-align flex-basis-100 align-self-lg-start align-self-md-start align-self-start\">\n                        <!---->\n                        <div data-colibri-id=\"128-c10\" class=\"h-icon style-442 style-local-128-c10 position-relative h-element\">\n                          <!----><span class=\"h-svg-icon h-icon__icon style-442-icon style-local-128-c10-icon\"><!--Icon by Icons8 Line Awesome (https:\/\/icons8.com\/line-awesome)--><svg version=\"1.1\" xmlns=\"http:\/\/www.w3.org\/2000\/svg\" xmlns:xlink=\"http:\/\/www.w3.org\/1999\/xlink\" id=\"tree\" viewBox=\"0 0 512 545.5\"><path d=\"M256 89.5l11.5 11 95 95.5 16 15.5-20.5 10s-16.24 5.853-39 11l70.5 70.5 16 15.5-20 10s-17.266 4.87-26 8L417 394l15.5 16-19.5 10s-39.39 18.82-109 25.5V496h-32v-48.5c-5.353.168-10.374.5-16 .5s-10.65-.332-16-.5V496h-32v-50.5C138.508 438.82 99.5 420 99.5 420l-20-10L95 394l57.5-57.5c-8.737-3.134-26-8-26-8l-20-10 16-15.5 70.5-70.5c-22.757-5.146-39-11-39-11l-20.5-10 16-15.5 95-95.5zm0 45.5l-64 63.5c9.495 3.19 11.432 5.7 35 8l29 3 29-3c23.577-2.3 25.51-4.81 35-8zm0 80l-19 18.5-73.5 73.5c7.44 2.607 7.253 3.5 22.5 6.5l29.5 6-21.5 21-58 58.5c20.597 7.306 55.35 17 120 17 65.237 0 100.128-9.71 120.5-17L318 340.5l-21.5-21 29.5-6c15.243-3.008 15.05-3.893 22.5-6.5L275 233.5z\"><\/path><\/svg><\/span><\/div>\n                        <div\n                          data-colibri-id=\"128-c11\" class=\"h-text h-text-component style-443 style-local-128-c11 position-relative h-element\">\n                          <!---->\n                          <!---->\n                          <div class=\"\">\n                            <p>Pour cela, nous utilisons : \u2013 l&#8217;apprentissage en pleine nature, par tous les temps \u2013 l&#8217;exp\u00e9rience de vivre le cycle des saisons \u2013 des ateliers vari\u00e9s proposant des activit\u00e9s \u00e9ducatives, cr\u00e9atives, sensorielles et motrices,\n                              l&#8217;apprentissage de savoir-faire, mettant au premier plan l&#8217;exp\u00e9rimentation et l&#8217;observation, l&#8217;apprentissage de l&#8217;utilisation d&#8217;outils avec un cadre s\u00e9curis\u00e9 et s\u00e9curisant \u2013 la participation libre aux activit\u00e9s propos\u00e9es,\n                              et la possibilit\u00e9 de faire \u00e9voluer l&#8217;activit\u00e9 selon les projets et les demandes des participant-e-s \u2013 la dynamique collective, les projets individuels et collectifs des participant-e-s \u2013 les bienfaits produits par les activit\u00e9s\n                              r\u00e9guli\u00e8res en pleine nature sur l&#8217;\u00e9tat physique et psychique : effet calmant, bien-\u00eatre, d\u00e9veloppement de l&#8217;estime de soi, de la confiance en soi, d\u00e9veloppement d&#8217;habilet\u00e9s motrices \u2013 le jeu libre et la prise de risques mesur\u00e9e\n                              dans un cadre s\u00e9curis\u00e9, la r\u00e9solution de probl\u00e8me \u2013 la communication non violente, le partage libre de la parole et l&#8217;expression des \u00e9motions.<\/p>\n                          <\/div>\n                      <\/div>\n                    <\/div>\n                  <\/div>\n                <\/div>\n                <div class=\"h-column h-column-container d-flex h-col-lg-6 h-col-md-6 h-col-12 style-441-outer style-local-128-c12-outer\">\n                  <div data-colibri-id=\"128-c12\" class=\"d-flex h-flex-basis h-column__inner h-px-lg-2 h-px-md-2 h-px-2 v-inner-lg-2 v-inner-md-2 v-inner-2 style-441 style-local-128-c12 position-relative\">\n                    <!---->\n                    <!---->\n                    <div class=\"w-100 h-y-container h-column__content h-column__v-align flex-basis-100 align-self-lg-start align-self-md-start align-self-start\">\n                      <!---->\n                      <div data-colibri-id=\"128-c13\" class=\"h-icon style-442 style-local-128-c13 position-relative h-element\">\n                        <!----><span class=\"h-svg-icon h-icon__icon style-442-icon style-local-128-c13-icon\"><!--Icon by Icons8 Line Awesome (https:\/\/icons8.com\/line-awesome)--><svg version=\"1.1\" xmlns=\"http:\/\/www.w3.org\/2000\/svg\" xmlns:xlink=\"http:\/\/www.w3.org\/1999\/xlink\" id=\"bug\" viewBox=\"0 0 512 545.5\"><path d=\"M171.5 84.5l37 37c14.77-6.246 30.748-9.5 47.5-9.5s32.73 3.254 47.5 9.5l37-37 23 23-31 31c23.386 17.898 41.757 44.086 53.5 74.5l39-19.5 14 29-44 22c2.926 14.014 5 28.508 5 43.5 0 5.445-.1 10.662-.5 16H448v32h-54c-3.877 16.694-8.982 32.625-16.5 47l48 36-19 26-47-35c-25.885 32.894-62.166 54-103.5 54s-77.615-21.106-103.5-54l-47 35-19-26 48-36c-7.518-14.375-12.623-30.306-16.5-47H64v-32h48.5c-.4-5.338-.5-10.555-.5-16 0-14.992 2.074-29.486 5-43.5l-44-22 14-29 39 19.5c11.743-30.414 30.114-56.602 53.5-74.5l-31-31zM256 144c-31.648 0-61.237 17.5-82 46 18.14 8.18 46.79 18 82 18s63.86-9.82 82-18c-20.763-28.5-50.352-46-82-46zm-97.5 73.5c-9.104 20.666-14.5 44.616-14.5 70.5 0 74.058 43.164 132.505 96 142.5V239c-34.72-2.596-63.06-12.822-81.5-21.5zm195 0c-18.44 8.678-46.78 18.904-81.5 21.5v191.5c52.836-9.995 96-68.442 96-142.5 0-25.884-5.396-49.834-14.5-70.5z\"><\/path><\/svg><\/span><\/div>\n                      <div\n                        data-colibri-id=\"128-c14\" class=\"h-text h-text-component style-443 style-local-128-c14 position-relative h-element\">\n                        <!---->\n                        <!---->\n                        <div class=\"\">\n                          <p>Nous portons toute notre attention : \u2013 au bien-\u00eatre et aux respects des besoins de chacun-e (besoins physiologiques, de s\u00e9curit\u00e9, d&#8217;appartenance, d&#8217;estime et de s&#8217;accomplir \u2013 au respect du projet de chacun-e et des projets du\n                            groupe \u2013 au respect du partage et des \u00e9changes, de l&#8217;\u00e9coute mutuelle \u2013 au respect du milieu naturel dans lequel nous nous trouvons, en nous effor\u00e7ant de limiter au maximum notre impact sur la flore et la faune.<\/p>\n                        <\/div>\n                    <\/div>\n                  <\/div>\n                <\/div>\n              <\/div>\n              <div class=\"h-column h-column-container d-flex h-col-lg-6 h-col-md-6 h-col-12 style-441-outer style-local-128-c15-outer\">\n                <div data-colibri-id=\"128-c15\" class=\"d-flex h-flex-basis h-column__inner h-px-lg-2 h-px-md-2 h-px-2 v-inner-lg-2 v-inner-md-2 v-inner-2 style-441 style-local-128-c15 position-relative\">\n                  <!---->\n                  <!---->\n                  <div class=\"w-100 h-y-container h-column__content h-column__v-align flex-basis-100 align-self-lg-start align-self-md-start align-self-start\">\n                    <!---->\n                    <div data-colibri-id=\"128-c16\" class=\"h-icon style-442 style-local-128-c16 position-relative h-element\">\n                      <!----><span class=\"h-svg-icon h-icon__icon style-442-icon style-local-128-c16-icon\"><!--Icon by Icons8 Line Awesome (https:\/\/icons8.com\/line-awesome)--><svg version=\"1.1\" xmlns=\"http:\/\/www.w3.org\/2000\/svg\" xmlns:xlink=\"http:\/\/www.w3.org\/1999\/xlink\" id=\"pagelines\" viewBox=\"0 0 512 545.5\"><path d=\"M241.5 96s61.5 19.88 61.5 71c0 23.55-7.816 41.514-13.5 52 .93 20.555.293 41.76-2.5 63 3.693-12.454 13.096-39.608 31-56 28.384-25.968 80.5-18.5 80.5-18.5s4.992 28.996-26 60.5c-30.186 30.684-83.694 21.03-86.5 20.5-3.964 26.39-11.18 52.395-21.5 76.5 12.91-17.148 40.978-47 78.5-47 39.632 0 65.5 21.5 65.5 21.5s-23.176 58.5-75 58.5c-46.87 0-70.602-16.662-75-20-1.657 3.346-3.202 6.755-5 10-29.338 52.968-78.852 92-150 92v-16c65.412 0 108.683-34.18 136-83.5.54-.974.974-2.015 1.5-3-9.54 4.327-26.05 10-51 10-61.456-.016-80.5-68.5-80.5-68.5s29.704-19.584 61-16c53.34 6.096 71.736 42.33 77.5 60 10.65-23.807 17.995-50.244 22-77-8.692 2.116-25.625 5.055-51 .5-39.632-7.104-63.928-35.912-69-73 0 0 37.756-13.72 67.5-3 30.606 11.027 47.126 42.485 54.5 60.5 1.642-15.68 1.977-31.258 1.5-46.5-14.61-8.438-41.062-28.31-45.5-60-5.84-41.904 13.5-68.5 13.5-68.5z\"><\/path><\/svg><\/span><\/div>\n                    <div\n                      data-colibri-id=\"128-c17\" class=\"h-text h-text-component style-443 style-local-128-c17 position-relative h-element\">\n                      <!---->\n                      <!---->\n                      <div class=\"\">\n                        <p>Chez Hulotte &amp; Barboulotte, on prend soin de soi, on prend soin des autres, on prend soin de la nature.<\/p>\n                      <\/div>\n                  <\/div>\n                <\/div>\n              <\/div>\n            <\/div>\n          <\/div>\n        <\/div>\n      <\/div>\n    <\/div>\n  <\/div>\n  <div class=\"h-column h-column-container d-flex h-col-lg-auto h-col-md-auto h-col-auto align-self-lg-center align-self-md-center align-self-center style-437-outer style-local-128-c18-outer\">\n    <div data-colibri-id=\"128-c18\" class=\"d-flex h-flex-basis h-column__inner h-px-lg-2 h-px-md-0 h-px-2 v-inner-lg-2 v-inner-md-0 v-inner-2 style-437 style-local-128-c18 position-relative\">\n      <!---->\n      <!---->\n      <div class=\"w-100 h-y-container h-column__content h-column__v-align flex-basis-100 align-self-lg-center align-self-md-center align-self-center\">\n        <!---->\n        <div data-colibri-id=\"128-c19\" class=\"d-block style-438 style-local-128-c19 position-relative h-element\">\n          <!---->\n          <div class=\"h-image__frame-container-outer\">\n            <div class=\"h-image__frame-container\">\n              <!---->\n              <!---->\n              <img loading=\"lazy\" decoding=\"async\" width=\"948\" height=\"2621\" src=\"https:\/\/hulotteetbarboulotte.fr\/wp-content\/uploads\/2022\/03\/cropped-GABARIT-PHOTOS-VERTICALES-PATCHWORK-2BIS-LIGHT.png\" class=\"wp-image-581 style-438-image style-local-128-c19-image\" alt=\"\" srcset=\"https:\/\/hulotteetbarboulotte.fr\/wp-content\/uploads\/2022\/03\/cropped-GABARIT-PHOTOS-VERTICALES-PATCHWORK-2BIS-LIGHT.png 948w, https:\/\/hulotteetbarboulotte.fr\/wp-content\/uploads\/2022\/03\/cropped-GABARIT-PHOTOS-VERTICALES-PATCHWORK-2BIS-LIGHT-109x300.png 109w, https:\/\/hulotteetbarboulotte.fr\/wp-content\/uploads\/2022\/03\/cropped-GABARIT-PHOTOS-VERTICALES-PATCHWORK-2BIS-LIGHT-370x1024.png 370w, https:\/\/hulotteetbarboulotte.fr\/wp-content\/uploads\/2022\/03\/cropped-GABARIT-PHOTOS-VERTICALES-PATCHWORK-2BIS-LIGHT-768x2123.png 768w, https:\/\/hulotteetbarboulotte.fr\/wp-content\/uploads\/2022\/03\/cropped-GABARIT-PHOTOS-VERTICALES-PATCHWORK-2BIS-LIGHT-556x1536.png 556w, https:\/\/hulotteetbarboulotte.fr\/wp-content\/uploads\/2022\/03\/cropped-GABARIT-PHOTOS-VERTICALES-PATCHWORK-2BIS-LIGHT-741x2048.png 741w\" sizes=\"auto, (max-width: 948px) 100vw, 948px\" \/>\n              <div class=\"h-image__frame h-hide-lg h-hide-md h-hide-sm style-438-frameImage style-local-128-c19-frameImage\"><\/div>\n            <\/div>\n          <\/div>\n        <\/div>\n      <\/div>\n    <\/div>\n  <\/div>\n<\/div>\n<\/div>\n<\/div>\n<\/div>\n<\/div>","protected":false},"excerpt":{"rendered":"<p>Hulotte &amp; Barboulotte est une association \u00e0 but non lucratif (loi 1901) et nous avons pour objet : \u2013 la sensibilisation \u00e0 la nature pour tous les publics (enfants, ados, familles, groupes scolaires et extra scolaires, enfants \u00e0 besoins particuliers) \u2013 une \u00e9ducation \u00e0 l&#8217;environnement qui d\u00e9coule de la sensibilisation, l&#8217;observation et la compr\u00e9hension de [&hellip;]<\/p>\n","protected":false},"author":1,"featured_media":0,"parent":123,"menu_order":2,"comment_status":"closed","ping_status":"closed","template":"page-templates\/full-width-page.php","meta":{"om_disable_all_campaigns":false,"_monsterinsights_skip_tracking":false,"_monsterinsights_sitenote_active":false,"_monsterinsights_sitenote_note":"","_monsterinsights_sitenote_category":0,"footnotes":""},"class_list":["post-128","page","type-page","status-publish","hentry"],"aioseo_notices":[],"_links":{"self":[{"href":"https:\/\/hulotteetbarboulotte.fr\/index.php\/wp-json\/wp\/v2\/pages\/128","targetHints":{"allow":["GET"]}}],"collection":[{"href":"https:\/\/hulotteetbarboulotte.fr\/index.php\/wp-json\/wp\/v2\/pages"}],"about":[{"href":"https:\/\/hulotteetbarboulotte.fr\/index.php\/wp-json\/wp\/v2\/types\/page"}],"author":[{"embeddable":true,"href":"https:\/\/hulotteetbarboulotte.fr\/index.php\/wp-json\/wp\/v2\/users\/1"}],"replies":[{"embeddable":true,"href":"https:\/\/hulotteetbarboulotte.fr\/index.php\/wp-json\/wp\/v2\/comments?post=128"}],"version-history":[{"count":8,"href":"https:\/\/hulotteetbarboulotte.fr\/index.php\/wp-json\/wp\/v2\/pages\/128\/revisions"}],"predecessor-version":[{"id":1708,"href":"https:\/\/hulotteetbarboulotte.fr\/index.php\/wp-json\/wp\/v2\/pages\/128\/revisions\/1708"}],"up":[{"embeddable":true,"href":"https:\/\/hulotteetbarboulotte.fr\/index.php\/wp-json\/wp\/v2\/pages\/123"}],"wp:attachment":[{"href":"https:\/\/hulotteetbarboulotte.fr\/index.php\/wp-json\/wp\/v2\/media?parent=128"}],"curies":[{"name":"wp","href":"https:\/\/api.w.org\/{rel}","templated":true}]}}