{"id":265,"date":"2022-03-09T20:05:05","date_gmt":"2022-03-09T19:05:05","guid":{"rendered":"http:\/\/hulotteetbarboulotte.fr\/?page_id=265"},"modified":"2025-09-12T19:05:59","modified_gmt":"2025-09-12T17:05:59","slug":"les-ateliers-ief","status":"publish","type":"page","link":"https:\/\/hulotteetbarboulotte.fr\/index.php\/les-ateliers\/les-ateliers-ief\/","title":{"rendered":"Les ateliers IEF"},"content":{"rendered":"<div data-colibri-id=\"265-c1\" class=\"style-615 style-local-265-c1 position-relative\">\n  <!---->\n  <div data-colibri-component=\"section\" data-colibri-id=\"265-c2\" id=\"reusable-sections\" class=\"h-section h-section-global-spacing d-flex align-items-lg-center align-items-md-center align-items-center style-616 style-local-265-c2 position-relative\">\n    <!---->\n    <!---->\n    <div class=\"h-section-grid-container h-section-boxed-container\">\n      <!---->\n      <div data-colibri-id=\"265-c3\" class=\"h-row-container gutters-row-lg-2 gutters-row-md-2 gutters-row-0 gutters-row-v-lg-2 gutters-row-v-md-2 gutters-row-v-2 style-617 style-local-265-c3 position-relative\">\n        <!---->\n        <div class=\"h-row justify-content-lg-center justify-content-md-center justify-content-center align-items-lg-stretch align-items-md-stretch align-items-stretch gutters-col-lg-2 gutters-col-md-2 gutters-col-0 gutters-col-v-lg-2 gutters-col-v-md-2 gutters-col-v-2\">\n          <!---->\n          <div class=\"h-column h-column-container d-flex h-col-lg-auto h-col-md-auto h-col-auto style-618-outer style-local-265-c4-outer\">\n            <div data-colibri-id=\"265-c4\" class=\"d-flex h-flex-basis h-column__inner h-px-lg-2 h-px-md-2 h-px-2 v-inner-lg-2 v-inner-md-2 v-inner-2 style-618 style-local-265-c4 position-relative\">\n              <!---->\n              <!---->\n              <div class=\"w-100 h-y-container h-column__content h-column__v-align flex-basis-100 align-self-lg-start align-self-md-start align-self-start\">\n                <!---->\n                <div data-colibri-id=\"265-c5\" class=\"d-block style-619 style-local-265-c5 position-relative h-element\">\n                  <!---->\n                  <div class=\"h-image__frame-container-outer\">\n                    <div class=\"h-image__frame-container\">\n                      <!---->\n                      <!---->\n                      <img loading=\"lazy\" decoding=\"async\" width=\"1920\" height=\"372\" src=\"https:\/\/hulotteetbarboulotte.fr\/wp-content\/uploads\/2022\/03\/VOLETTE-HULOTTE-ET-BARBOULOTTE-BANDEAUX-LIENS-PAGE-3-4-ATELIERS-IEF.png\" class=\"wp-image-467 style-619-image style-local-265-c5-image\" alt=\"\" srcset=\"https:\/\/hulotteetbarboulotte.fr\/wp-content\/uploads\/2022\/03\/VOLETTE-HULOTTE-ET-BARBOULOTTE-BANDEAUX-LIENS-PAGE-3-4-ATELIERS-IEF.png 1920w, https:\/\/hulotteetbarboulotte.fr\/wp-content\/uploads\/2022\/03\/VOLETTE-HULOTTE-ET-BARBOULOTTE-BANDEAUX-LIENS-PAGE-3-4-ATELIERS-IEF-300x58.png 300w, https:\/\/hulotteetbarboulotte.fr\/wp-content\/uploads\/2022\/03\/VOLETTE-HULOTTE-ET-BARBOULOTTE-BANDEAUX-LIENS-PAGE-3-4-ATELIERS-IEF-1024x198.png 1024w, https:\/\/hulotteetbarboulotte.fr\/wp-content\/uploads\/2022\/03\/VOLETTE-HULOTTE-ET-BARBOULOTTE-BANDEAUX-LIENS-PAGE-3-4-ATELIERS-IEF-768x149.png 768w, https:\/\/hulotteetbarboulotte.fr\/wp-content\/uploads\/2022\/03\/VOLETTE-HULOTTE-ET-BARBOULOTTE-BANDEAUX-LIENS-PAGE-3-4-ATELIERS-IEF-1536x298.png 1536w\" sizes=\"auto, (max-width: 1920px) 100vw, 1920px\" \/>\n                      <div class=\"h-image__frame h-hide-lg h-hide-md h-hide-sm style-619-frameImage style-local-265-c5-frameImage\"><\/div>\n                    <\/div>\n                  <\/div>\n                <\/div>\n              <\/div>\n            <\/div>\n          <\/div>\n        <\/div>\n      <\/div>\n      <div data-colibri-id=\"265-c6\" class=\"h-row-container gutters-row-lg-0 gutters-row-md-0 gutters-row-0 gutters-row-v-lg-0 gutters-row-v-md-0 gutters-row-v-0 style-620 style-local-265-c6 position-relative\">\n        <!---->\n        <div class=\"h-row justify-content-lg-center justify-content-md-center justify-content-center align-items-lg-center align-items-md-center align-items-center gutters-col-lg-0 gutters-col-md-0 gutters-col-0 gutters-col-v-lg-0 gutters-col-v-md-0 gutters-col-v-0\">\n          <!---->\n          <div class=\"h-column h-column-container d-flex h-col-lg-auto h-col-md-auto h-col-auto align-self-lg-center align-self-md-center align-self-center style-621-outer style-local-265-c7-outer\">\n            <div data-colibri-id=\"265-c7\" class=\"d-flex h-flex-basis h-column__inner h-px-lg-0 h-px-md-0 h-px-0 v-inner-lg-0 v-inner-md-0 v-inner-0 style-621 style-local-265-c7 position-relative\">\n              <!---->\n              <!---->\n              <div class=\"w-100 h-y-container h-column__content h-column__v-align flex-basis-100 align-self-lg-start align-self-md-start align-self-start\">\n                <!---->\n                <div data-colibri-id=\"265-c8\" class=\"h-global-transition-all h-heading style-622 style-local-265-c8 position-relative h-element\">\n                  <!---->\n                  <div class=\"h-heading__outer style-622 style-local-265-c8\">\n                    <!---->\n                    <!---->\n                    <h5 class=\"\">Les activit\u00e9s sont propos\u00e9es, elles ne sont jamais obligatoires. Les enfants sont libres d&#8217;y participer, comme de jouer seul-e ou en groupe. Nous nous appuyons sur le jeu libre, soutenu par l&#8217;animatrice, et vous, les parents ! Nous\n                      nous retrouvons autour du feu pour des moments de partage. Nous pr\u00e9voyons l&#8217;activit\u00e9 du jour en tenant compte de vos demandes d&#8217;une s\u00e9ance \u00e0 l&#8217;autre. Cela peut \u00eatre du land-art, de l&#8217;observation du monde naturel, l&#8217;utilisation d&#8217;outils,\n                      la construction de cabane, un jeu en groupe&#8230; Mais nous encourageons toujours les enfants \u00e0 suivre leurs propres projets. Pensez \u00e0 apporter votre pique-nique, et pour le plaisir de tous, nous cuisinons une petite pr\u00e9paration sal\u00e9e\n                      ou sucr\u00e9e sur le feu. Des boissons chaudes et froides sont \u00e0 votre disposition.<\/h5>\n                  <\/div>\n                <\/div>\n                <div data-colibri-id=\"265-c9\" class=\"h-text h-text-component style-623 style-local-265-c9 position-relative h-element\">\n                  <!---->\n                  <!---->\n                  <div class=\"\">\n                    <p>Ateliers en p\u00e9riode scolaire de 10h \u00e0 13h30 en fonction des demandes de groupes constitu\u00e9s. <\/p>\n                    <p>Contactez-nous !&nbsp;<\/p>\n                  <\/div>\n                <\/div>\n              <\/div>\n            <\/div>\n          <\/div>\n          <div class=\"h-column h-column-container d-flex h-col-lg-auto h-col-md-auto h-col-auto align-self-lg-center align-self-md-center align-self-center style-624-outer style-local-265-c10-outer\">\n            <div data-colibri-id=\"265-c10\" class=\"d-flex h-flex-basis h-column__inner h-ui-empty-state-container h-px-lg-2 h-px-md-2 h-px-2 v-inner-lg-2 v-inner-md-2 v-inner-2 style-624 style-local-265-c10 position-relative\">\n              <!---->\n              <!---->\n              <div class=\"w-100 h-y-container h-column__content h-column__v-align flex-basis-100\">\n                <!---->\n              <\/div>\n            <\/div>\n          <\/div>\n        <\/div>\n      <\/div>\n      <div data-colibri-id=\"265-c11\" class=\"h-row-container gutters-row-lg-2 gutters-row-md-2 gutters-row-0 gutters-row-v-lg-2 gutters-row-v-md-2 gutters-row-v-2 style-625 style-local-265-c11 position-relative\">\n        <!---->\n        <div class=\"h-row justify-content-lg-center justify-content-md-center justify-content-center align-items-lg-stretch align-items-md-stretch align-items-stretch gutters-col-lg-2 gutters-col-md-2 gutters-col-0 gutters-col-v-lg-2 gutters-col-v-md-2 gutters-col-v-2\">\n          <!---->\n          <div class=\"h-column h-column-container d-flex h-col-lg-auto h-col-md-auto h-col-auto style-626-outer style-local-265-c12-outer\">\n            <div data-colibri-id=\"265-c12\" class=\"d-flex h-flex-basis h-column__inner h-px-lg-2 h-px-md-2 h-px-2 v-inner-lg-2 v-inner-md-2 v-inner-2 style-626 style-local-265-c12 position-relative\">\n              <!---->\n              <!---->\n              <div class=\"w-100 h-y-container h-column__content h-column__v-align flex-basis-100 align-self-lg-center align-self-md-center align-self-center\">\n                <!---->\n                <div data-colibri-id=\"265-c13\" class=\"h-text h-text-component style-627 style-local-265-c13 position-relative h-element\">\n                  <!---->\n                  <!---->\n                  <div class=\"\">\n                    <p>Les ateliers ont lieu par tous les temps (sauf en cas d&#8217;orage ou vent violent). Pr\u00e9voir pour tous des v\u00eatements qui ne craignent rien et adapt\u00e9s \u00e0 la m\u00e9t\u00e9o du jour ! Dans le cas exceptionnel o\u00f9 la m\u00e9t\u00e9o nous impose d&#8217;annuler l&#8217;atelier,\n                      nous essaierons de proposer une date de repli.<\/p>\n                  <\/div>\n                <\/div>\n              <\/div>\n            <\/div>\n          <\/div>\n          <div class=\"h-column h-column-container d-flex h-col-lg-auto h-col-md-auto h-col-auto style-628-outer style-local-265-c14-outer\">\n            <div data-colibri-id=\"265-c14\" class=\"d-flex h-flex-basis h-column__inner h-px-lg-2 h-px-md-2 h-px-2 v-inner-lg-2 v-inner-md-2 v-inner-2 style-628 style-local-265-c14 position-relative\">\n              <!---->\n              <!---->\n              <div class=\"w-100 h-y-container h-column__content h-column__v-align flex-basis-100 align-self-lg-center align-self-md-center align-self-center\">\n                <!---->\n                <div data-colibri-id=\"265-c15\" class=\"h-x-container style-629 style-local-265-c15 position-relative h-element\">\n                  <!---->\n                  <div class=\"h-x-container-inner style-dynamic-265-c15-group style-629-spacing style-local-265-c15-spacing\"><span class=\"h-link__outer style-630-outer style-local-265-c16-outer d-inline-flex h-element\"><a h-use-smooth-scroll=\"true\" href=\"https:\/\/hulotteetbarboulotte.fr\/index.php\/evenements-et-calendrier\/calendrier-des-ateliers\/\"  data-colibri-id=\"265-c16\" class=\"d-flex w-100 align-items-center h-link style-630 style-local-265-c16 position-relative\"><!----><!----> <span>Consultez le calendrier pour conna\u00eetre les dates des ateliers IEF.<\/span><\/a>\n                    <\/span>\n                  <\/div>\n                <\/div>\n              <\/div>\n            <\/div>\n          <\/div>\n        <\/div>\n      <\/div>\n    <\/div>\n  <\/div>\n<\/div>","protected":false},"excerpt":{"rendered":"<p>Les activit\u00e9s sont propos\u00e9es, elles ne sont jamais obligatoires. Les enfants sont libres d&#8217;y participer, comme de jouer seul-e ou en groupe. Nous nous appuyons sur le jeu libre, soutenu par l&#8217;animatrice, et vous, les parents ! Nous nous retrouvons autour du feu pour des moments de partage. Nous pr\u00e9voyons l&#8217;activit\u00e9 du jour en tenant [&hellip;]<\/p>\n","protected":false},"author":1,"featured_media":0,"parent":257,"menu_order":4,"comment_status":"closed","ping_status":"closed","template":"page-templates\/full-width-page.php","meta":{"om_disable_all_campaigns":false,"_monsterinsights_skip_tracking":false,"_monsterinsights_sitenote_active":false,"_monsterinsights_sitenote_note":"","_monsterinsights_sitenote_category":0,"footnotes":""},"class_list":["post-265","page","type-page","status-publish","hentry"],"aioseo_notices":[],"_links":{"self":[{"href":"https:\/\/hulotteetbarboulotte.fr\/index.php\/wp-json\/wp\/v2\/pages\/265","targetHints":{"allow":["GET"]}}],"collection":[{"href":"https:\/\/hulotteetbarboulotte.fr\/index.php\/wp-json\/wp\/v2\/pages"}],"about":[{"href":"https:\/\/hulotteetbarboulotte.fr\/index.php\/wp-json\/wp\/v2\/types\/page"}],"author":[{"embeddable":true,"href":"https:\/\/hulotteetbarboulotte.fr\/index.php\/wp-json\/wp\/v2\/users\/1"}],"replies":[{"embeddable":true,"href":"https:\/\/hulotteetbarboulotte.fr\/index.php\/wp-json\/wp\/v2\/comments?post=265"}],"version-history":[{"count":9,"href":"https:\/\/hulotteetbarboulotte.fr\/index.php\/wp-json\/wp\/v2\/pages\/265\/revisions"}],"predecessor-version":[{"id":1667,"href":"https:\/\/hulotteetbarboulotte.fr\/index.php\/wp-json\/wp\/v2\/pages\/265\/revisions\/1667"}],"up":[{"embeddable":true,"href":"https:\/\/hulotteetbarboulotte.fr\/index.php\/wp-json\/wp\/v2\/pages\/257"}],"wp:attachment":[{"href":"https:\/\/hulotteetbarboulotte.fr\/index.php\/wp-json\/wp\/v2\/media?parent=265"}],"curies":[{"name":"wp","href":"https:\/\/api.w.org\/{rel}","templated":true}]}}