{"id":269,"date":"2022-03-09T20:05:49","date_gmt":"2022-03-09T19:05:49","guid":{"rendered":"http:\/\/hulotteetbarboulotte.fr\/?page_id=269"},"modified":"2026-03-09T12:03:52","modified_gmt":"2026-03-09T11:03:52","slug":"ecoles-et-structures-collectives","status":"publish","type":"page","link":"https:\/\/hulotteetbarboulotte.fr\/index.php\/ecoles-et-structures-collectives\/","title":{"rendered":"\u00c9coles et structures collectives"},"content":{"rendered":"<div data-colibri-id=\"269-c1\" class=\"style-647 style-local-269-c1 position-relative\">\n  <!---->\n  <div data-colibri-component=\"section\" data-colibri-id=\"269-c2\" id=\"content\" class=\"h-section h-section-global-spacing d-flex align-items-lg-center align-items-md-center align-items-center style-648 style-local-269-c2 position-relative\">\n    <!---->\n    <!---->\n    <div class=\"h-section-grid-container h-section-fluid-container\">\n      <!---->\n      <div data-colibri-id=\"269-c3\" class=\"h-row-container gutters-row-lg-0 gutters-row-md-0 gutters-row-2 gutters-row-v-lg-0 gutters-row-v-md-0 gutters-row-v-2 style-649 style-local-269-c3 position-relative\">\n        <!---->\n        <div class=\"h-row justify-content-lg-center justify-content-md-center justify-content-center align-items-lg-stretch align-items-md-stretch align-items-stretch gutters-col-lg-0 gutters-col-md-0 gutters-col-2 gutters-col-v-lg-0 gutters-col-v-md-0 gutters-col-v-2\">\n          <!---->\n          <div class=\"h-column h-column-container d-flex h-col-lg-auto h-col-md-auto h-col-auto style-650-outer style-local-269-c4-outer\">\n            <div data-colibri-id=\"269-c4\" class=\"d-flex h-flex-basis h-column__inner h-px-lg-0 h-px-md-0 h-px-0 v-inner-lg-0 v-inner-md-0 v-inner-0 style-650 style-local-269-c4 position-relative\">\n              <!---->\n              <!---->\n              <div class=\"w-100 h-y-container h-column__content h-column__v-align flex-basis-100 align-self-lg-start align-self-md-start align-self-start\">\n                <!---->\n                <div data-colibri-id=\"269-c5\" class=\"h-global-transition-all h-heading style-651 style-local-269-c5 position-relative h-element\">\n                  <!---->\n                  <div class=\"h-heading__outer style-651 style-local-269-c5\">\n                    <!---->\n                    <!---->\n                    <h4 class=\"\">Les structures collectives<\/h4>\n                  <\/div>\n                <\/div>\n                <div data-colibri-id=\"269-c6\" class=\"h-global-transition-all h-heading style-652 style-local-269-c6 position-relative h-element\">\n                  <!---->\n                  <div class=\"h-heading__outer style-652 style-local-269-c6\">\n                    <!---->\n                    <!---->\n                    <h2 class=\"\">Pour votre classe, pour votre structure de loisirs, de toute petite enfance, pour les IME, les ITEP, les structures socio-\u00e9ducatives, les structures pour adultes, nous vous proposons des journ\u00e9es d\u00e9couverte (ponctuelles), ou des visites\n                      sur du long terme (cycle sur plusieurs s\u00e9ances, ou bien une fois par mois, une fois par saison&#8230;).<\/h2>\n                  <\/div>\n                <\/div>\n                <div data-colibri-id=\"269-c7\" class=\"h-text h-text-component style-653 style-local-269-c7 position-relative h-element\">\n                  <!---->\n                  <!---->\n                  <div class=\"\">\n                    <p>Des activit\u00e9s sont \u00e9labor\u00e9es en fonction des attentes des professionnel-les. <span style=\"font-weight: 400; font-size: 18px; font-family: &quot;Open Sans&quot;; color: rgb(51, 102, 11);\">Un catalogues d&#8217;animations vous est envoy\u00e9 sur demande.&nbsp;<\/span>Elles\n                      varient selon l\u2019\u00e2ge et\/ou les capacit\u00e9s des enfants, ados et adultes, et selon ce que nous offre le milieu naturel et les saisons. Nous pouvons aussi les adapter en suivant vos demandes et celles de votre public afin de r\u00e9pondre\n                      au mieux \u00e0 vos sp\u00e9cificit\u00e9s. Nous construisons ensemble, au pr\u00e9alable, votre programme. Le milieu favorise les situations d&#8217;apprentissage, de communication, d&#8217;entraide et de coop\u00e9ration, mais \u00e9galement les moments de concentration\n                      intense (le flow) et de d\u00e9tente. Nous portons notre attention sur l&#8217;accompagnement de chacun-e dans son projet, en l&#8217;aidant \u00e0 d\u00e9velopper ses connaissances, ses savoir-faire et savoir-\u00eatre, et son bien-\u00eatre.<\/p>\n                    <p>Les am\u00e9nagements sont des &#8220;invitations&#8221; au jeu ou \u00e0 l&#8217;activit\u00e9, tout en laissant l&#8217;espace le plus naturel possible : table d&#8217;activit\u00e9, cuisine de gadoue, parcours de motricit\u00e9 et d\u2019\u00e9quilibre, et coin d\u00e9tente. Nous disposons de livres\n                      (livres documentaires, guides d&#8217;observation, albums&#8230;), de mat\u00e9riel p\u00e9dagogique et d&#8217;observation.<\/p>\n                  <\/div>\n                <\/div>\n                <div data-colibri-id=\"269-c8\" class=\"h-row-container gutters-row-lg-2 gutters-row-md-2 gutters-row-0 gutters-row-v-lg-2 gutters-row-v-md-2 gutters-row-v-0 style-654 style-local-269-c8 position-relative\">\n                  <!---->\n                  <div class=\"h-row justify-content-lg-center justify-content-md-center justify-content-center align-items-lg-stretch align-items-md-stretch align-items-stretch gutters-col-lg-2 gutters-col-md-2 gutters-col-0 gutters-col-v-lg-2 gutters-col-v-md-2 gutters-col-v-0\">\n                    <!---->\n                    <div class=\"h-column h-column-container d-flex h-col-lg-6 h-col-md-6 h-col-6 style-655-outer style-local-269-c9-outer\">\n                      <div data-colibri-id=\"269-c9\" class=\"d-flex h-flex-basis h-column__inner h-px-lg-0 h-px-md-0 h-px-0 v-inner-lg-0 v-inner-md-0 v-inner-0 style-655 style-local-269-c9 position-relative\">\n                        <!---->\n                        <!---->\n                        <div class=\"w-100 h-y-container h-column__content h-column__v-align flex-basis-100 align-self-lg-start align-self-md-start align-self-start\">\n                          <!---->\n                          <div data-colibri-id=\"269-c10\" class=\"h-global-transition-all h-heading style-656 style-local-269-c10 position-relative h-element\">\n                            <!---->\n                            <div class=\"h-heading__outer style-656 style-local-269-c10\">\n                              <!---->\n                              <!---->\n                              <h5 class=\"\">Comment se d\u00e9roule l&#8217;accueil d&#8217;une structure collective chez Hulotte &amp; Barboulotte ?<\/h5>\n                            <\/div>\n                          <\/div>\n                          <div data-colibri-id=\"269-c11\" class=\"h-text h-text-component style-657 style-local-269-c11 position-relative h-element\">\n                            <!---->\n                            <!---->\n                            <div class=\"\">\n                              <p>Les groupes sont accueillis dans le petit bois d&#8217;Hulotte &amp; Barboulotte.\n                                <br>Nous avons \u00e9galement \u00e0 disposition des espaces de prairie, des bois de conif\u00e8res, des d\u00e9part de randonn\u00e9e&#8230;<\/p>\n                              <p>L&#8217;animation ou les animations que nous avons d\u00e9termin\u00e9e(s) ensemble sont expliqu\u00e9es pendant le temps d&#8217;accueil : bricolage, land art, observation du milieu, reconnaissance des arbres, des traces et indices des animaux, rallye\n                                nature, chasse aux tr\u00e9sors, grands jeux collectifs, balades sensorielles\u2026<\/p>\n                              <p>La place du jeu est importante, essentielle au d\u00e9veloppement global de l\u2019enfant. C\u2019est pourquoi nous r\u00e9servons du temps de jeu libre \u00e0 chaque visite. Pour les plus grands et les adultes, des moments cr\u00e9atifs et\/ou de d\u00e9tente\n                                sont pr\u00e9vus dans le d\u00e9roul\u00e9 de l&#8217;accueil.&nbsp;<\/p>\n                              <p>La zone de regroupement autour du bol \u00e0 feu permet de se retrouver pour des discussions collectives. Des rondins de bois sont dispos\u00e9s en cercle. Le feu est allum\u00e9 lorsque nous en avons fait le projet en amont. Il favorise\n                                le partage de moments chaleureux et conviviaux.<\/p>\n                              <p>Des toilettes s\u00e8ches sont am\u00e9nag\u00e9es sur le site, ainsi que des lave-mains originaux. Il y a toujours de l&#8217;eau fra\u00eeche et des infusions pour se d\u00e9salt\u00e9rer.<\/p>\n                              <p>Les enfants sont sous la responsabilit\u00e9 de l&#8217;enseignant-e, de l&#8217;animateur ou l&#8217;\u00e9ducatrice qui accompagne le groupe et qui veille au respect du taux d&#8217;encadrement l\u00e9gal.<\/p>\n                            <\/div>\n                          <\/div>\n                        <\/div>\n                      <\/div>\n                    <\/div>\n                    <div class=\"h-column h-column-container d-flex h-col-lg-6 h-col-md-6 h-col-6 style-655-outer style-local-269-c12-outer\">\n                      <div data-colibri-id=\"269-c12\" class=\"d-flex h-flex-basis h-column__inner h-px-lg-0 h-px-md-0 h-px-0 v-inner-lg-0 v-inner-md-0 v-inner-0 style-655 style-local-269-c12 position-relative\">\n                        <!---->\n                        <!---->\n                        <div class=\"w-100 h-y-container h-column__content h-column__v-align flex-basis-100 align-self-lg-start align-self-md-start align-self-start\">\n                          <!---->\n                          <div data-colibri-id=\"269-c13\" class=\"h-global-transition-all h-heading style-656 style-local-269-c13 position-relative h-element\">\n                            <!---->\n                            <div class=\"h-heading__outer style-656 style-local-269-c13\">\n                              <!---->\n                              <!---->\n                              <h5 class=\"\">Vous ne pouvez pas vous d\u00e9placer jusqu&#8217;au bois de Hulotte &amp; Barboulotte ?<\/h5>\n                            <\/div>\n                          <\/div>\n                          <div data-colibri-id=\"269-c14\" class=\"h-text h-text-component style-657 style-local-269-c14 position-relative h-element\">\n                            <!---->\n                            <!---->\n                            <div class=\"\">\n                              <p>Proche de votre \u00e9tablissement ou de votre structure, vous avez la chance de pouvoir profiter d&#8217;un espace de verdure, d&#8217;un milieu bois\u00e9, d&#8217;un coin de nature accessible et agr\u00e9able. Nous pouvons vous accompagner pour des activit\u00e9s\n                                construites en fonction de ce lieu, en restant proches de ce que nous ferions chez Hulotte &amp; Barboulotte. Il suffit de nous contacter et de nous faire part de votre projet. Nous le construirons ensemble, en mettant\n                                \u00e0 votre service nos comp\u00e9tences de p\u00e9dagogue par la nature.<\/p>\n                              <p>L&#8217;animatrice peut aussi intervenir en \u00e9tablissement, en &#8220;apportant la nature&#8221; jusqu&#8217;aux participants, pour des activit\u00e9s aupr\u00e8s de celles et ceux qui ne peuvent pas se d\u00e9placer.<\/p>\n                              <p>Intervention dans un rayon de 30 km et\/ou dans la limite de 30 minutes de trajet environ. Au-del\u00e0, nous consulter pour un projet adapt\u00e9.<\/p>\n                              <p>Ces journ\u00e9es sont programmables en p\u00e9riode scolaire comme en p\u00e9riode de vacances, en fonction des cr\u00e9neaux disponibles et de vos demandes sp\u00e9cifiques.<\/p>\n                              <p>Tarifs pour un groupe de 30 participants maximum :\n                                <br>&#8211; Une demie journ\u00e9e : 195 \u20ac\n                                <br>&#8211; Une demie journ\u00e9e avec pique-nique sur place : 230 \u20ac (vous apportez votre pique nique)\n                                <br>&#8211; Une journ\u00e9e compl\u00e8te : 390 \u20ac (vous apportez votre pique nique)<\/p>\n                              <p>&#8211;&nbsp;Majoration pour un groupe plus nombreux<\/p>\n                              <p>&#8211; Go\u00fbter pr\u00e9par\u00e9 avec nous sur le feu : 3 \u20ac par personne.<\/p>\n                              <p>Nous adaptons le tarif si votre projet s&#8217;inscrit dans le temps. Contactez-nous pour que nous en discutions.<\/p>\n                            <\/div>\n                          <\/div>\n                        <\/div>\n                      <\/div>\n                    <\/div>\n                  <\/div>\n                <\/div>\n              <\/div>\n            <\/div>\n          <\/div>\n          <div class=\"h-column h-column-container d-flex h-col-lg-auto h-col-md-auto h-col-auto style-658-outer style-local-269-c15-outer\">\n            <div data-colibri-id=\"269-c15\" class=\"d-flex h-flex-basis h-column__inner h-ui-empty-state-container h-px-lg-0 h-px-md-0 h-px-0 v-inner-lg-0 v-inner-md-0 v-inner-0 style-658 style-local-269-c15 position-relative\">\n              <!---->\n              <!---->\n              <div class=\"w-100 h-y-container h-column__content h-column__v-align flex-basis-100\">\n                <!---->\n              <\/div>\n            <\/div>\n          <\/div>\n        <\/div>\n      <\/div>\n    <\/div>\n  <\/div>\n<\/div>","protected":false},"excerpt":{"rendered":"<p>Les structures collectives Pour votre classe, pour votre structure de loisirs, de toute petite enfance, pour les IME, les ITEP, les structures socio-\u00e9ducatives, les structures pour adultes, nous vous proposons des journ\u00e9es d\u00e9couverte (ponctuelles), ou des visites sur du long terme (cycle sur plusieurs s\u00e9ances, ou bien une fois par mois, une fois par saison&#8230;). [&hellip;]<\/p>\n","protected":false},"author":1,"featured_media":0,"parent":0,"menu_order":0,"comment_status":"closed","ping_status":"closed","template":"page-templates\/full-width-page.php","meta":{"om_disable_all_campaigns":false,"_monsterinsights_skip_tracking":false,"_monsterinsights_sitenote_active":false,"_monsterinsights_sitenote_note":"","_monsterinsights_sitenote_category":0,"footnotes":""},"class_list":["post-269","page","type-page","status-publish","hentry"],"aioseo_notices":[],"_links":{"self":[{"href":"https:\/\/hulotteetbarboulotte.fr\/index.php\/wp-json\/wp\/v2\/pages\/269","targetHints":{"allow":["GET"]}}],"collection":[{"href":"https:\/\/hulotteetbarboulotte.fr\/index.php\/wp-json\/wp\/v2\/pages"}],"about":[{"href":"https:\/\/hulotteetbarboulotte.fr\/index.php\/wp-json\/wp\/v2\/types\/page"}],"author":[{"embeddable":true,"href":"https:\/\/hulotteetbarboulotte.fr\/index.php\/wp-json\/wp\/v2\/users\/1"}],"replies":[{"embeddable":true,"href":"https:\/\/hulotteetbarboulotte.fr\/index.php\/wp-json\/wp\/v2\/comments?post=269"}],"version-history":[{"count":16,"href":"https:\/\/hulotteetbarboulotte.fr\/index.php\/wp-json\/wp\/v2\/pages\/269\/revisions"}],"predecessor-version":[{"id":1765,"href":"https:\/\/hulotteetbarboulotte.fr\/index.php\/wp-json\/wp\/v2\/pages\/269\/revisions\/1765"}],"wp:attachment":[{"href":"https:\/\/hulotteetbarboulotte.fr\/index.php\/wp-json\/wp\/v2\/media?parent=269"}],"curies":[{"name":"wp","href":"https:\/\/api.w.org\/{rel}","templated":true}]}}