{"id":273,"date":"2022-03-09T20:06:38","date_gmt":"2022-03-09T19:06:38","guid":{"rendered":"http:\/\/hulotteetbarboulotte.fr\/?page_id=273"},"modified":"2026-03-09T14:14:29","modified_gmt":"2026-03-09T13:14:29","slug":"les-evenements-ponctuels","status":"publish","type":"page","link":"https:\/\/hulotteetbarboulotte.fr\/index.php\/evenements-et-calendrier\/les-evenements-ponctuels\/","title":{"rendered":"Les \u00e9v\u00e9nements ponctuels"},"content":{"rendered":"<div data-colibri-id=\"273-c1\" class=\"style-659 style-local-273-c1 position-relative\">\n  <!---->\n  <div data-colibri-component=\"section\" data-colibri-id=\"273-c2\" id=\"about\" class=\"h-section h-section-global-spacing d-flex align-items-lg-center align-items-md-center align-items-center style-660 style-local-273-c2 position-relative\">\n    <!---->\n    <!---->\n    <div class=\"h-section-grid-container h-section-boxed-container\">\n      <!---->\n      <div data-colibri-id=\"273-c3\" class=\"h-row-container gutters-row-lg-0 gutters-row-md-0 gutters-row-0 gutters-row-v-lg-0 gutters-row-v-md-0 gutters-row-v-0 style-713 style-local-273-c3 position-relative\">\n        <!---->\n        <div class=\"h-row justify-content-lg-center justify-content-md-center justify-content-center align-items-lg-stretch align-items-md-stretch align-items-stretch gutters-col-lg-0 gutters-col-md-0 gutters-col-0 gutters-col-v-lg-0 gutters-col-v-md-0 gutters-col-v-0\">\n          <!---->\n          <div class=\"h-column h-column-container d-flex h-col-lg-6 h-col-md-6 h-col-12 style-714-outer style-local-273-c4-outer\">\n            <div data-colibri-id=\"273-c4\" class=\"d-flex h-flex-basis h-column__inner h-px-lg-2 h-px-md-2 h-px-2 v-inner-lg-2 v-inner-md-2 v-inner-2 style-714 style-local-273-c4 position-relative\">\n              <!---->\n              <!---->\n              <div class=\"w-100 h-y-container h-column__content h-column__v-align flex-basis-100 align-self-lg-center align-self-md-center align-self-center\">\n                <!---->\n                <div data-colibri-id=\"273-c5\" class=\"h-text h-text-component style-716 style-local-273-c5 position-relative h-element\">\n                  <!---->\n                  <!---->\n                  <div class=\"\">\n                    <p><strong>&nbsp;les 15 &#8211; 16 &#8211; 17 avril 2026<\/strong><\/p>\n                    <p>de 09h00 \u00e0 17h00<\/p>\n                    <p>pour les enfants de 4 \u00e0 7 ans<\/p>\n                    <p>Le troisi\u00e8me jour, les parents sont invit\u00e9s pour le go\u00fbter !<\/p>\n                    <p>\n                      <br>\n                    <\/p>\n                    <p>Informations et inscriptions :&nbsp;<\/p>\n                    <p>https:\/\/www.helloasso.com\/associations\/hulotte-et-barboulotte\/evenements\/stage-de-printemps-pour-les-enfants-de-4-a-7-ans<\/p>\n                    <p>\n                      <br>\n                    <\/p>\n                    <p>Pour des informations compl\u00e9mentaire, n&#8217;h\u00e9sitez pas \u00e0 nous contacter : <\/p>\n                    <p>hulotteetbarboulotte@gmail.com<\/p>\n                    <p>Vincent.breuzard@mille-nature.fr<\/p>\n                  <\/div>\n                <\/div>\n              <\/div>\n            <\/div>\n          <\/div>\n          <div class=\"h-column h-column-container d-flex h-col-lg-6 h-col-md-6 h-col-12 style-715-outer style-local-273-c6-outer\">\n            <div data-colibri-id=\"273-c6\" class=\"d-flex h-flex-basis h-column__inner h-px-lg-2 h-px-md-2 h-px-2 v-inner-lg-2 v-inner-md-2 v-inner-2 style-715 style-local-273-c6 position-relative\">\n              <!---->\n              <!---->\n              <div class=\"w-100 h-y-container h-column__content h-column__v-align flex-basis-100 align-self-lg-start align-self-md-start align-self-start\">\n                <!---->\n                <div data-colibri-id=\"273-c7\" class=\"h-lead h-text h-text-component style-720 style-local-273-c7 position-relative h-element\">\n                  <!---->\n                  <!---->\n                  <div class=\"\">\n                    <p>STAGE 3 JOURS\n                      <br>pour les 4 &#8211; 7 ans\n                      <br>VACANCES DE PRINTEMPS&nbsp;\n                      <br>\n                    <\/p>\n                  <\/div>\n                <\/div>\n                <div data-colibri-id=\"273-c8\" class=\"h-text h-text-component style-717 style-local-273-c8 position-relative h-element\">\n                  <!---->\n                  <!---->\n                  <div class=\"\">\n                    <p>DES JEUX ET DES ACTIVITES NATURE (CREATIVITE, OBSERVATION DE LA NATURE, EXPLORATION, GRANDS JEUX&#8230;)<\/p>\n                    <p>Un stage organis\u00e9 par Julie, de Hulotte &amp; Barboulotte, et Vincent, de Mille Natures.<\/p>\n                    <p>Trois journ\u00e9es dans les bois, des activit\u00e9s propos\u00e9es, non impos\u00e9es, du jeu libre, de la patouille, des histoires cont\u00e9es, des constructions de cabanes&#8230; et la pr\u00e9paration collective des repas cuisin\u00e9s sur le feu !&nbsp;<\/p>\n                    <p>Une occasion de se retrouver dans la nature, de solliciter sa curiosit\u00e9, son ing\u00e9niosit\u00e9, son imagination, et de rencontrer des copains et copines.&nbsp;<\/p>\n                    <p>\n                      <br>\n                    <\/p>\n                    <p>Prix : 90\u20ac \/ participant-e<\/p>\n                    <p>Repas et go\u00fbters inclus<\/p>\n                    <p>\n                      <br>\n                    <\/p>\n                  <\/div>\n                <\/div>\n              <\/div>\n            <\/div>\n          <\/div>\n        <\/div>\n      <\/div>\n      <div data-colibri-id=\"273-c9\" class=\"h-row-container gutters-row-lg-2 gutters-row-md-2 gutters-row-0 gutters-row-v-lg-2 gutters-row-v-md-2 gutters-row-v-2 style-685 style-local-273-c9 position-relative\">\n        <!---->\n        <div class=\"h-row justify-content-lg-center justify-content-md-center justify-content-center align-items-lg-stretch align-items-md-stretch align-items-stretch gutters-col-lg-2 gutters-col-md-2 gutters-col-0 gutters-col-v-lg-2 gutters-col-v-md-2 gutters-col-v-2\">\n          <!---->\n          <div class=\"h-column h-column-container d-flex h-col-lg-auto h-col-md-auto h-col-auto style-686-outer style-local-273-c10-outer\">\n            <div data-colibri-id=\"273-c10\" class=\"d-flex h-flex-basis h-column__inner h-px-lg-2 h-px-md-2 h-px-2 v-inner-lg-2 v-inner-md-2 v-inner-2 style-686 style-local-273-c10 position-relative\">\n              <!---->\n              <!---->\n              <div class=\"w-100 h-y-container h-column__content h-column__v-align flex-basis-100 align-self-lg-center align-self-md-center align-self-center\">\n                <!---->\n                <div data-colibri-id=\"273-c11\" class=\"h-text h-text-component style-688 style-local-273-c11 position-relative h-element\">\n                  <!---->\n                  <!---->\n                  <div class=\"\">\n                    <p><strong style=\"color: rgb(122, 59, 61); font-family: Raleway; font-size: 30px; font-weight: 800;\">les 15 &#8211; 16 &#8211; 17 juillet 2026<\/strong><\/p>\n                    <p>Arriv\u00e9e 10h00 le premier jour &#8211; D\u00e9part \u00e0 17h00 le troisi\u00e8me jour<\/p>\n                    <p>Nuits sous la tente ou \u00e0 la belle \u00e9toile, en fonction du choix de chacun-e<\/p>\n                    <p>Informations et inscription sur le site Helloasso :&nbsp;<\/p>\n                    <p>(lien \u00e0 venir)<\/p>\n                    <p>\n                      <br>\n                    <\/p>\n                    <p>Pour les informations compl\u00e9mentaires, vous pouvez nous contacter :<\/p>\n                    <p>hulotteetbarboulotte@gmail.com<\/p>\n                    <p>Vincent.breuzard@mille-natures.fr<\/p>\n                    <p>\n                      <br>\n                    <\/p>\n                    <p>\n                      <br>\n                    <\/p>\n                  <\/div>\n                <\/div>\n              <\/div>\n            <\/div>\n          <\/div>\n          <div class=\"h-column h-column-container d-flex h-col-lg-auto h-col-md-auto h-col-auto style-687-outer style-local-273-c12-outer\">\n            <div data-colibri-id=\"273-c12\" class=\"d-flex h-flex-basis h-column__inner h-px-lg-2 h-px-md-2 h-px-2 v-inner-lg-2 v-inner-md-2 v-inner-2 style-687 style-local-273-c12 position-relative\">\n              <!---->\n              <!---->\n              <div class=\"w-100 h-y-container h-column__content h-column__v-align flex-basis-100 align-self-lg-center align-self-md-center align-self-center\">\n                <!---->\n                <div data-colibri-id=\"273-c13\" class=\"h-text h-text-component style-724 style-local-273-c13 position-relative h-element\">\n                  <!---->\n                  <!---->\n                  <div class=\"\">\n                    <p>MINI CAMPS<\/p>\n                    <p>pour les 8 &#8211; 13 ans<\/p>\n                    <p>VACANCES D&#8217;ETE<\/p>\n                  <\/div>\n                <\/div>\n                <div data-colibri-id=\"273-c14\" class=\"h-text h-text-component style-689 style-local-273-c14 position-relative h-element\">\n                  <!---->\n                  <!---->\n                  <div class=\"\">\n                    <p>3 JOURS ET 2 NUITS AU MILIEU DES BOIS<\/p>\n                    <p>CUISINE SUR LE FEU<\/p>\n                    <p>ACTIVITES NATURE, GRANDS JEUX, EXPLORATION ET OBSERVATION DU MILIEU, CREATIVITE<\/p>\n                    <p>Un camps organis\u00e9 avec Julie (H&amp;B), Vincent (Mille Natures), Clotilde.<\/p>\n                    <p>Une occasion de se retrouver en pleine nature dans un espace bois\u00e9, de se faire des copains et des copines, de dormir \u00e0 la belle \u00e9toile (si on en a envie !), de vivre une exp\u00e9rience de vie collective enrichissante.&nbsp;<\/p>\n                    <p>Utilisation d&#8217;outils, randonn\u00e9e, <span style=\"font-weight: 500; font-size: 20px; font-family: Raleway; color: rgb(122, 61, 59);\">veill\u00e9es,&nbsp;<\/span>participation \u00e0 la vie du camps&#8230;<\/p>\n                    <p>Prix : 116\u20ac \/ participants<\/p>\n                    <p>Les repas sont inclus (hors pique-nique du premier jour)<\/p>\n                  <\/div>\n                <\/div>\n              <\/div>\n            <\/div>\n          <\/div>\n        <\/div>\n      <\/div>\n      <div data-colibri-id=\"273-c15\" class=\"h-row-container gutters-row-lg-2 gutters-row-md-2 gutters-row-0 gutters-row-v-lg-2 gutters-row-v-md-2 gutters-row-v-2 style-690 style-local-273-c15 position-relative\">\n        <!---->\n        <div class=\"h-row justify-content-lg-center justify-content-md-center justify-content-center align-items-lg-stretch align-items-md-stretch align-items-stretch gutters-col-lg-2 gutters-col-md-2 gutters-col-0 gutters-col-v-lg-2 gutters-col-v-md-2 gutters-col-v-2\">\n          <!---->\n          <div class=\"h-column h-column-container d-flex h-col-lg-auto h-col-md-auto h-col-auto style-691-outer style-local-273-c16-outer\">\n            <div data-colibri-id=\"273-c16\" class=\"d-flex h-flex-basis h-column__inner h-px-lg-2 h-px-md-2 h-px-2 v-inner-lg-2 v-inner-md-2 v-inner-2 style-691 style-local-273-c16 position-relative\">\n              <!---->\n              <!---->\n              <div class=\"w-100 h-y-container h-column__content h-column__v-align flex-basis-100 align-self-lg-center align-self-md-center align-self-center\">\n                <!---->\n                <div data-colibri-id=\"273-c17\" class=\"h-text h-text-component style-738 style-local-273-c17 position-relative h-element\">\n                  <!---->\n                  <!---->\n                  <div class=\"\">\n                    <p><strong><em>les 22 &#8211; 23 &#8211; 24 juillet 2026<\/em><\/strong><\/p>\n                    <p><em>de 09h00 \u00e0 17h00<\/em><\/p>\n                    <p><em>pour les enfants de 4 \u00e0 7 ans<\/em><\/p>\n                    <p><em>Le troisi\u00e8me jour, les parents sont invit\u00e9s pour le go\u00fbter !<\/em><\/p>\n                    <p><em><br><\/em><\/p>\n                    <p><em>Informations et inscriptions :&nbsp;<\/em><\/p>\n                    <p><em>(lien \u00e0 venir)<\/em><\/p>\n                    <p><em><br><\/em><\/p>\n                    <p><em>Pour des informations compl\u00e9mentaire, n&#8217;h\u00e9sitez pas \u00e0 nous contacter : hulotteetbarboulotte@gmail.com&nbsp;Vincent.breuzard@mille-natures.fr<\/em><\/p>\n                    <p>\n                      <br>\n                    <\/p>\n                    <p>\n                      <br>\n                    <\/p>\n                  <\/div>\n                <\/div>\n              <\/div>\n            <\/div>\n          <\/div>\n          <div class=\"h-column h-column-container d-flex h-col-lg-auto h-col-md-auto h-col-auto style-692-outer style-local-273-c18-outer\">\n            <div data-colibri-id=\"273-c18\" class=\"d-flex h-flex-basis h-column__inner h-px-lg-2 h-px-md-2 h-px-2 v-inner-lg-2 v-inner-md-2 v-inner-2 style-692 style-local-273-c18 position-relative\">\n              <!---->\n              <!---->\n              <div class=\"w-100 h-y-container h-column__content h-column__v-align flex-basis-100 align-self-lg-center align-self-md-center align-self-center\">\n                <!---->\n                <div data-colibri-id=\"273-c19\" class=\"h-text h-text-component style-725 style-local-273-c19 position-relative h-element\">\n                  <!---->\n                  <!---->\n                  <div class=\"\">\n                    <p><strong style=\"font-weight: 800; font-size: 30px; font-family: Raleway; color: rgb(51, 102, 11);\"><em>STAGE 3 JOURS<\/em><\/strong>\n                      <br><strong style=\"font-weight: 800; font-size: 30px; font-family: Raleway; color: rgb(51, 102, 11);\"><em>pour les 4 &#8211; 7 ans<\/em><\/strong>\n                      <br><strong style=\"font-weight: 800; font-size: 30px; font-family: Raleway; color: rgb(51, 102, 11);\"><em>VACANCES D&#8217;ETE<\/em><\/strong><\/p>\n                  <\/div>\n                <\/div>\n                <div data-colibri-id=\"273-c20\" class=\"h-text h-text-component style-700 style-local-273-c20 position-relative h-element\">\n                  <!---->\n                  <!---->\n                  <div class=\"\">\n                    <p><span>DES JEUX ET DES ACTIVITES NATURE (CREATIVITE, OBSERVATION DE LA NATURE, EXPLORATION, GRANDS JEUX&#8230;)<\/span><\/p>\n                    <p><span>Un stage organis\u00e9 par Julie, de Hulotte &amp; Barboulotte, et Vincent, de Mille Natures.<\/span><\/p>\n                    <p>Trois journ\u00e9es dans les bois, des activit\u00e9s propos\u00e9es, non impos\u00e9es, du jeu libre, de la patouille, des histoires cont\u00e9es, des constructions de cabanes&#8230; et la pr\u00e9paration collective des repas cuisin\u00e9s sur le feu !&nbsp;<\/p>\n                    <p><span>Une occasion de se retrouver dans la nature, de solliciter sa curiosit\u00e9, son ing\u00e9niosit\u00e9, son imagination, et de rencontrer des copains et copines.&nbsp;<\/span><\/p>\n                    <p>\n                      <br>\n                    <\/p>\n                    <p>Prix : 90\u20ac \/ participant-e<\/p>\n                    <p>Repas et go\u00fbters inclus<\/p>\n                  <\/div>\n                <\/div>\n              <\/div>\n            <\/div>\n          <\/div>\n        <\/div>\n      <\/div>\n      <div data-colibri-id=\"273-c21\" class=\"h-row-container gutters-row-lg-2 gutters-row-md-2 gutters-row-0 gutters-row-v-lg-2 gutters-row-v-md-2 gutters-row-v-2 style-726 style-local-273-c21 position-relative\">\n        <!---->\n        <div class=\"h-row justify-content-lg-center justify-content-md-center justify-content-center align-items-lg-stretch align-items-md-stretch align-items-stretch gutters-col-lg-2 gutters-col-md-2 gutters-col-0 gutters-col-v-lg-2 gutters-col-v-md-2 gutters-col-v-2\">\n          <!---->\n          <div class=\"h-column h-column-container d-flex h-col-lg-auto h-col-md-auto h-col-auto style-727-outer style-local-273-c22-outer\">\n            <div data-colibri-id=\"273-c22\" class=\"d-flex h-flex-basis h-column__inner h-px-lg-2 h-px-md-2 h-px-2 v-inner-lg-2 v-inner-md-2 v-inner-2 style-727 style-local-273-c22 position-relative\">\n              <!---->\n              <!---->\n              <div class=\"w-100 h-y-container h-column__content h-column__v-align flex-basis-100 align-self-lg-center align-self-md-center align-self-center\">\n                <!---->\n                <div data-colibri-id=\"273-c23\" class=\"h-text h-text-component style-731 style-local-273-c23 position-relative h-element\">\n                  <!---->\n                  <!---->\n                  <div class=\"\">\n                    <p>\n                      <br>\n                    <\/p>\n                    <p>\n                      <br>\n                    <\/p>\n                  <\/div>\n                <\/div>\n              <\/div>\n            <\/div>\n          <\/div>\n          <div class=\"h-column h-column-container d-flex h-col-lg-auto h-col-md-auto h-col-auto style-728-outer style-local-273-c24-outer\">\n            <div data-colibri-id=\"273-c24\" class=\"d-flex h-flex-basis h-column__inner h-px-lg-2 h-px-md-2 h-px-2 v-inner-lg-2 v-inner-md-2 v-inner-2 style-728 style-local-273-c24 position-relative\">\n              <!---->\n              <!---->\n              <div class=\"w-100 h-y-container h-column__content h-column__v-align flex-basis-100 align-self-lg-start align-self-md-start align-self-start\">\n                <!---->\n                <div data-colibri-id=\"273-c25\" class=\"h-global-transition-all h-heading style-729 style-local-273-c25 position-relative h-element\">\n                  <!---->\n                  <div class=\"h-heading__outer style-729 style-local-273-c25\">\n                    <!---->\n                    <!---->\n                    <h1 class=\"\"><\/h1>\n                  <\/div>\n                <\/div>\n                <div data-colibri-id=\"273-c26\" class=\"h-text h-text-component style-730 style-local-273-c26 position-relative h-element\">\n                  <!---->\n                  <!---->\n                  <div class=\"\"><\/div>\n                <\/div>\n              <\/div>\n            <\/div>\n          <\/div>\n        <\/div>\n      <\/div>\n      <div data-colibri-id=\"273-c27\" class=\"h-row-container gutters-row-lg-2 gutters-row-md-2 gutters-row-0 gutters-row-v-lg-2 gutters-row-v-md-2 gutters-row-v-2 style-732 style-local-273-c27 position-relative\">\n        <!---->\n        <div class=\"h-row justify-content-lg-center justify-content-md-center justify-content-center align-items-lg-stretch align-items-md-stretch align-items-stretch gutters-col-lg-2 gutters-col-md-2 gutters-col-0 gutters-col-v-lg-2 gutters-col-v-md-2 gutters-col-v-2\">\n          <!---->\n          <div class=\"h-column h-column-container d-flex h-col-lg-auto h-col-md-auto h-col-auto style-733-outer style-local-273-c28-outer\">\n            <div data-colibri-id=\"273-c28\" class=\"d-flex h-flex-basis h-column__inner h-px-lg-2 h-px-md-2 h-px-2 v-inner-lg-2 v-inner-md-2 v-inner-2 style-733 style-local-273-c28 position-relative\">\n              <!---->\n              <!---->\n              <div class=\"w-100 h-y-container h-column__content h-column__v-align flex-basis-100 align-self-lg-start align-self-md-start align-self-start\">\n                <!---->\n                <div data-colibri-id=\"273-c29\" class=\"h-text h-text-component style-737 style-local-273-c29 position-relative h-element\">\n                  <!---->\n                  <!---->\n                  <div class=\"\">\n                    <p>\n                      <br>\n                    <\/p>\n                    <p>\n                      <br>\n                    <\/p>\n                  <\/div>\n                <\/div>\n              <\/div>\n            <\/div>\n          <\/div>\n          <div class=\"h-column h-column-container d-flex h-col-lg-auto h-col-md-auto h-col-auto style-734-outer style-local-273-c30-outer\">\n            <div data-colibri-id=\"273-c30\" class=\"d-flex h-flex-basis h-column__inner h-px-lg-2 h-px-md-2 h-px-2 v-inner-lg-2 v-inner-md-2 v-inner-2 style-734 style-local-273-c30 position-relative\">\n              <!---->\n              <!---->\n              <div class=\"w-100 h-y-container h-column__content h-column__v-align flex-basis-100 align-self-lg-center align-self-md-center align-self-center\">\n                <!---->\n                <div data-colibri-id=\"273-c31\" class=\"h-text h-text-component style-736 style-local-273-c31 position-relative h-element\">\n                  <!---->\n                  <!---->\n                  <div class=\"\"><\/div>\n                <\/div>\n                <div data-colibri-id=\"273-c32\" class=\"h-text h-text-component style-735 style-local-273-c32 position-relative h-element\">\n                  <!---->\n                  <!---->\n                  <div class=\"\"><\/div>\n                <\/div>\n              <\/div>\n            <\/div>\n          <\/div>\n        <\/div>\n      <\/div>\n    <\/div>\n  <\/div>\n<\/div>","protected":false},"excerpt":{"rendered":"<p>&nbsp;les 15 &#8211; 16 &#8211; 17 avril 2026 de 09h00 \u00e0 17h00 pour les enfants de 4 \u00e0 7 ans Le troisi\u00e8me jour, les parents sont invit\u00e9s pour le go\u00fbter ! Informations et inscriptions :&nbsp; https:\/\/www.helloasso.com\/associations\/hulotte-et-barboulotte\/evenements\/stage-de-printemps-pour-les-enfants-de-4-a-7-ans Pour des informations compl\u00e9mentaire, n&#8217;h\u00e9sitez pas \u00e0 nous contacter : hulotteetbarboulotte@gmail.com Vincent.breuzard@mille-nature.fr STAGE 3 JOURS pour les 4 &#8211; [&hellip;]<\/p>\n","protected":false},"author":1,"featured_media":0,"parent":271,"menu_order":1,"comment_status":"closed","ping_status":"closed","template":"page-templates\/full-width-page.php","meta":{"om_disable_all_campaigns":false,"_monsterinsights_skip_tracking":false,"_monsterinsights_sitenote_active":false,"_monsterinsights_sitenote_note":"","_monsterinsights_sitenote_category":0,"footnotes":""},"class_list":["post-273","page","type-page","status-publish","hentry"],"aioseo_notices":[],"_links":{"self":[{"href":"https:\/\/hulotteetbarboulotte.fr\/index.php\/wp-json\/wp\/v2\/pages\/273","targetHints":{"allow":["GET"]}}],"collection":[{"href":"https:\/\/hulotteetbarboulotte.fr\/index.php\/wp-json\/wp\/v2\/pages"}],"about":[{"href":"https:\/\/hulotteetbarboulotte.fr\/index.php\/wp-json\/wp\/v2\/types\/page"}],"author":[{"embeddable":true,"href":"https:\/\/hulotteetbarboulotte.fr\/index.php\/wp-json\/wp\/v2\/users\/1"}],"replies":[{"embeddable":true,"href":"https:\/\/hulotteetbarboulotte.fr\/index.php\/wp-json\/wp\/v2\/comments?post=273"}],"version-history":[{"count":20,"href":"https:\/\/hulotteetbarboulotte.fr\/index.php\/wp-json\/wp\/v2\/pages\/273\/revisions"}],"predecessor-version":[{"id":1814,"href":"https:\/\/hulotteetbarboulotte.fr\/index.php\/wp-json\/wp\/v2\/pages\/273\/revisions\/1814"}],"up":[{"embeddable":true,"href":"https:\/\/hulotteetbarboulotte.fr\/index.php\/wp-json\/wp\/v2\/pages\/271"}],"wp:attachment":[{"href":"https:\/\/hulotteetbarboulotte.fr\/index.php\/wp-json\/wp\/v2\/media?parent=273"}],"curies":[{"name":"wp","href":"https:\/\/api.w.org\/{rel}","templated":true}]}}